{"id":846,"date":"2023-04-24T21:10:41","date_gmt":"2023-04-24T21:10:41","guid":{"rendered":"https:\/\/nasaff.com\/?page_id=846"},"modified":"2023-04-24T21:33:32","modified_gmt":"2023-04-24T21:33:32","slug":"blogbeitraege","status":"publish","type":"page","link":"https:\/\/nasaff.com\/en\/blogbeitraege","title":{"rendered":"Blogposts"},"content":{"rendered":"\t\t<div data-elementor-type=\"wp-page\" data-elementor-id=\"846\" class=\"elementor elementor-846\">\n\t\t\t\t\t\t<section class=\"elementor-section elementor-top-section elementor-element elementor-element-5177efe7 elementor-section-boxed elementor-section-height-default elementor-section-height-default wpr-particle-no wpr-jarallax-no wpr-parallax-no wpr-sticky-section-no wpr-equal-height-no\" data-id=\"5177efe7\" data-element_type=\"section\" data-e-type=\"section\" data-settings=\"{&quot;background_background&quot;:&quot;slideshow&quot;,&quot;background_slideshow_gallery&quot;:[{&quot;id&quot;:784,&quot;url&quot;:&quot;https:\\\/\\\/nasaff.com\\\/wp-content\\\/uploads\\\/2023\\\/02\\\/light-black-and-white-architecture-structure-sky-white-1362213-pxhere.com_.jpg&quot;},{&quot;id&quot;:783,&quot;url&quot;:&quot;https:\\\/\\\/nasaff.com\\\/wp-content\\\/uploads\\\/2023\\\/02\\\/light-black-and-white-architecture-structure-white-sunlight-1070460-pxhere.com_-rotated.jpg&quot;},{&quot;id&quot;:782,&quot;url&quot;:&quot;https:\\\/\\\/nasaff.com\\\/wp-content\\\/uploads\\\/2023\\\/02\\\/light-black-and-white-architecture-sky-white-city-928550-pxhere.com_.jpg&quot;}],&quot;background_slideshow_ken_burns&quot;:&quot;yes&quot;,&quot;background_slideshow_loop&quot;:&quot;yes&quot;,&quot;background_slideshow_slide_duration&quot;:5000,&quot;background_slideshow_slide_transition&quot;:&quot;fade&quot;,&quot;background_slideshow_transition_duration&quot;:500,&quot;background_slideshow_ken_burns_zoom_direction&quot;:&quot;in&quot;}\">\n\t\t\t\t\t\t\t<div class=\"elementor-background-overlay\"><\/div>\n\t\t\t\t\t\t\t<div class=\"elementor-container elementor-column-gap-default\">\n\t\t\t\t\t<div class=\"elementor-column elementor-col-100 elementor-top-column elementor-element elementor-element-6d35a5bc\" data-id=\"6d35a5bc\" data-element_type=\"column\" data-e-type=\"column\">\n\t\t\t<div class=\"elementor-widget-wrap elementor-element-populated\">\n\t\t\t\t\t\t<div class=\"elementor-element elementor-element-5decf19f elementor-widget elementor-widget-heading\" data-id=\"5decf19f\" data-element_type=\"widget\" data-e-type=\"widget\" data-widget_type=\"heading.default\">\n\t\t\t\t<div class=\"elementor-widget-container\">\n\t\t\t\t\t<h1 class=\"elementor-heading-title elementor-size-default\">Unsere Blogs<\/h1>\t\t\t\t<\/div>\n\t\t\t\t<\/div>\n\t\t\t\t\t<\/div>\n\t\t<\/div>\n\t\t\t\t\t<\/div>\n\t\t<\/section>\n\t\t\t\t<section class=\"elementor-section elementor-top-section elementor-element elementor-element-680b1857 elementor-section-boxed elementor-section-height-default elementor-section-height-default wpr-particle-no wpr-jarallax-no wpr-parallax-no wpr-sticky-section-no wpr-equal-height-no\" data-id=\"680b1857\" data-element_type=\"section\" data-e-type=\"section\">\n\t\t\t\t\t\t<div class=\"elementor-container elementor-column-gap-default\">\n\t\t\t\t\t<div class=\"elementor-column elementor-col-66 elementor-top-column elementor-element elementor-element-2388d99d\" data-id=\"2388d99d\" data-element_type=\"column\" data-e-type=\"column\">\n\t\t\t<div class=\"elementor-widget-wrap elementor-element-populated\">\n\t\t\t\t\t\t<div class=\"elementor-element elementor-element-51d4f5b6 sa-mate-list-layout_1 elementor-aspect-ratio-169 elementor-widget elementor-widget-sky-mate-list\" data-id=\"51d4f5b6\" data-element_type=\"widget\" data-e-type=\"widget\" data-widget_type=\"sky-mate-list.default\">\n\t\t\t\t<div class=\"elementor-widget-container\">\n\t\t\t\t\t\t\t<div class=\"sa-mate-list sa-img-effect-1\">\n\t\t\t\t\t<div class=\"sa-post-item sa-d-flex\">\n\t\t\t\t\t<div class=\"sa-post-img-wrapper sa-d-flex\">\n\t\t\t\t\t\t\t<!-- Extra - Link added in Image -->\n\t\t\t\t<a class=\"sa-w-100 sa-h-100\" href=\"https:\/\/nasaff.com\/en\/technologische-gatekeeper-unternehmen\"\n\t\t\t\t\ttitle=\"Technologische Gatekeeper-Unternehmen\">\n\t\t\t\t\t<img fetchpriority=\"high\" decoding=\"async\" width=\"1024\" height=\"576\" src=\"https:\/\/nasaff.com\/wp-content\/uploads\/2023\/05\/Technological-Gatekeepers-Companies-1024x576.jpg\" class=\"sa-post-img\" alt=\"Technologische Gatekeeper-Unternehmen\" srcset=\"https:\/\/nasaff.com\/wp-content\/uploads\/2023\/05\/Technological-Gatekeepers-Companies-1024x576.jpg 1024w, https:\/\/nasaff.com\/wp-content\/uploads\/2023\/05\/Technological-Gatekeepers-Companies-300x169.jpg 300w, https:\/\/nasaff.com\/wp-content\/uploads\/2023\/05\/Technological-Gatekeepers-Companies-768x432.jpg 768w, https:\/\/nasaff.com\/wp-content\/uploads\/2023\/05\/Technological-Gatekeepers-Companies-18x10.jpg 18w, https:\/\/nasaff.com\/wp-content\/uploads\/2023\/05\/Technological-Gatekeepers-Companies.jpg 1280w\" sizes=\"(max-width: 1024px) 100vw, 1024px\" \/>\t\t\t\t<\/a>\n\t\t\t\n\t\t\t\t\t<\/div>\n\t\t\t\t\t<div class=\"sa-post-content-wrapper sa-d-flex sa-flex-column sa-justify-content-center\">\n\t\t\t\t<div class=\"sa-post-category sa-post-category sa-post-category-style-1 sa-mb-3\"><a href=\"https:\/\/nasaff.com\/en\/category\/technology\">Technology<\/a><\/div><h3 class=\"sa-post-title sa-post-title sa-mb-4\"><a href=\"https:\/\/nasaff.com\/en\/technologische-gatekeeper-unternehmen\" title=\"Technologische Gatekeeper-Unternehmen\">Technologische Gatekeeper-Unternehmen<\/a><\/h3><div class=\"sa-post-text\">Technologische Gatekeeper-Unternehmen wie Amazon, Google, Facebook und Apple haben eine starke Marktmacht und k\u00f6nnen den Zugang zum Markt und Wettbewerb einschr\u00e4nken. Neue Start-up-Unternehmen k\u00f6nnen innovative Produkte und Dienstleistungen entwickeln, die sich von etablierten Unternehmen unterscheiden oder sich auf Nischenm\u00e4rkte konzentrieren, wo die etablierten Unternehmen weniger pr\u00e4sent sind. Um erfolgreich zu sein, sollten Start-ups eine gr\u00fcndliche Marktanalyse durchf\u00fchren, ein klares Markenimage aufbauen und eine einzigartige Positionierung im Markt schaffen. Die Europ\u00e4ische Union unterst\u00fctzt kleine Unternehmen durch verschiedene Initiativen wie z.B. die Schaffung eines digitalen Dienstleistungsmarktes und Programme zur F\u00f6rderung von Innovation und Unternehmertum.<\/div>\t\t\t\t<div class=\"sa-post-meta sa-d-flex\">\n\n\t\t\t\t\t\t\t<div class=\"sa-post-author-wrapper sa-d-flex\">\n\t\t\t<div class=\"sa-d-inline-flex sa-align-items-center\">\n\t\t\t\t<a href=\"https:\/\/nasaff.com\/en\/author\/nasaff_admin\">\n\t\t\t\t\t<div class=\"sa-post-author-thumb sa-me-3 sa-rounded-circle sa-overflow-hidden\">\n\t\t\t\t\t\t<img alt='' src='https:\/\/secure.gravatar.com\/avatar\/79180f0249ff9b57573834dc580a5cd7b69a812559110d3ba2db394967e76de0?s=48&#038;d=mm&#038;r=g' srcset='https:\/\/secure.gravatar.com\/avatar\/79180f0249ff9b57573834dc580a5cd7b69a812559110d3ba2db394967e76de0?s=96&#038;d=mm&#038;r=g 2x' class='avatar avatar-48 photo' height='48' width='48' \/>\t\t\t\t\t<\/div>\n\t\t\t\t<\/a>\n\t\t\t\t<div>\n\t\t\t\t\t<div class=\"sa-post-author-text\">\n\t\t\t\t\t\t<a href=\"https:\/\/nasaff.com\/en\/author\/nasaff_admin\">\n\t\t\t\t\t\t\tNizamuddin Syed\t\t\t\t\t\t<\/a>\n\t\t\t\t\t<\/div>\n\t\t\t\t\t\t\t<div class=\"sa-post-date-wrapper sa-d-flex sa-align-items-center\">\n\t\t\t<div class=\"sa-icon-wrap sa-me-1\">\n\t\t\t\t<i class=\"eicon-calendar\"><\/i>\n\t\t\t<\/div>\n\t\t\t<span class=\"sa-post-date\">May 4, 2023<\/span>\t\t<\/div>\n\t\t\t\t\t\t<\/div>\n\t\t\t<\/div>\n\t\t<\/div>\n\t\t\n\t\t\t\t<\/div>\n\t\t\t<\/div>\n\t\t<\/div>\n\t\t\t\t<div class=\"sa-post-item sa-d-flex\">\n\t\t\t\t\t<div class=\"sa-post-img-wrapper sa-d-flex\">\n\t\t\t\t\t\t\t<!-- Extra - Link added in Image -->\n\t\t\t\t<a class=\"sa-w-100 sa-h-100\" href=\"https:\/\/nasaff.com\/en\/wie-chatgpt-von-openai-das-schreiben-vereinfacht\"\n\t\t\t\t\ttitle=\"Wie ChatGPT von OpenAI das Schreiben vereinfacht\">\n\t\t\t\t\t<img decoding=\"async\" width=\"780\" height=\"470\" src=\"https:\/\/nasaff.com\/wp-content\/uploads\/2023\/04\/Chatgpt.webp\" class=\"sa-post-img\" alt=\"Wie ChatGPT von OpenAI das Schreiben vereinfacht\" srcset=\"https:\/\/nasaff.com\/wp-content\/uploads\/2023\/04\/Chatgpt.webp 780w, https:\/\/nasaff.com\/wp-content\/uploads\/2023\/04\/Chatgpt-300x181.webp 300w, https:\/\/nasaff.com\/wp-content\/uploads\/2023\/04\/Chatgpt-768x463.webp 768w, https:\/\/nasaff.com\/wp-content\/uploads\/2023\/04\/Chatgpt-18x12.webp 18w\" sizes=\"(max-width: 780px) 100vw, 780px\" \/>\t\t\t\t<\/a>\n\t\t\t\n\t\t\t\t\t<\/div>\n\t\t\t\t\t<div class=\"sa-post-content-wrapper sa-d-flex sa-flex-column sa-justify-content-center\">\n\t\t\t\t<div class=\"sa-post-category sa-post-category sa-post-category-style-1 sa-mb-3\"><a href=\"https:\/\/nasaff.com\/en\/category\/technology\">Technology<\/a><\/div><h3 class=\"sa-post-title sa-post-title sa-mb-4\"><a href=\"https:\/\/nasaff.com\/en\/wie-chatgpt-von-openai-das-schreiben-vereinfacht\" title=\"Wie ChatGPT von OpenAI das Schreiben vereinfacht\">Wie ChatGPT von OpenAI das Schreiben vereinfacht<\/a><\/h3><div class=\"sa-post-text\"><p>ChatGPT ist eine leistungsstarke Sprach-KI von OpenAI, die auf der GPT-3.5 Architektur basiert und speziell f\u00fcr die nat\u00fcrliche Sprachverarbeitung (NLP) entwickelt wurde. ChatGPT ist in der Lage, menschen\u00e4hnliche Gespr\u00e4che zu f\u00fchren und verf\u00fcgt \u00fcber eine beeindruckende F\u00e4higkeit, menschliche Sprache zu verstehen und zu generieren. Mit<\/p>\n<\/div>\t\t\t\t<div class=\"sa-post-meta sa-d-flex\">\n\n\t\t\t\t\t\t\t<div class=\"sa-post-author-wrapper sa-d-flex\">\n\t\t\t<div class=\"sa-d-inline-flex sa-align-items-center\">\n\t\t\t\t<a href=\"https:\/\/nasaff.com\/en\/author\/nasaff_admin\">\n\t\t\t\t\t<div class=\"sa-post-author-thumb sa-me-3 sa-rounded-circle sa-overflow-hidden\">\n\t\t\t\t\t\t<img alt='' src='https:\/\/secure.gravatar.com\/avatar\/79180f0249ff9b57573834dc580a5cd7b69a812559110d3ba2db394967e76de0?s=48&#038;d=mm&#038;r=g' srcset='https:\/\/secure.gravatar.com\/avatar\/79180f0249ff9b57573834dc580a5cd7b69a812559110d3ba2db394967e76de0?s=96&#038;d=mm&#038;r=g 2x' class='avatar avatar-48 photo' height='48' width='48' \/>\t\t\t\t\t<\/div>\n\t\t\t\t<\/a>\n\t\t\t\t<div>\n\t\t\t\t\t<div class=\"sa-post-author-text\">\n\t\t\t\t\t\t<a href=\"https:\/\/nasaff.com\/en\/author\/nasaff_admin\">\n\t\t\t\t\t\t\tNizamuddin Syed\t\t\t\t\t\t<\/a>\n\t\t\t\t\t<\/div>\n\t\t\t\t\t\t\t<div class=\"sa-post-date-wrapper sa-d-flex sa-align-items-center\">\n\t\t\t<div class=\"sa-icon-wrap sa-me-1\">\n\t\t\t\t<i class=\"eicon-calendar\"><\/i>\n\t\t\t<\/div>\n\t\t\t<span class=\"sa-post-date\">April 24, 2023<\/span>\t\t<\/div>\n\t\t\t\t\t\t<\/div>\n\t\t\t<\/div>\n\t\t<\/div>\n\t\t\n\t\t\t\t<\/div>\n\t\t\t<\/div>\n\t\t<\/div>\n\t\t\t\t<\/div>\n\n\t\t\t\t\t\t<\/div>\n\t\t\t\t<\/div>\n\t\t\t\t\t<\/div>\n\t\t<\/div>\n\t\t\t\t<div class=\"elementor-column elementor-col-33 elementor-top-column elementor-element elementor-element-28531f8f\" data-id=\"28531f8f\" data-element_type=\"column\" data-e-type=\"column\">\n\t\t\t<div class=\"elementor-widget-wrap elementor-element-populated\">\n\t\t\t\t\t\t<div class=\"elementor-element elementor-element-4eed456a elementor-widget elementor-widget-heading\" data-id=\"4eed456a\" data-element_type=\"widget\" data-e-type=\"widget\" data-widget_type=\"heading.default\">\n\t\t\t\t<div class=\"elementor-widget-container\">\n\t\t\t\t\t<h2 class=\"elementor-heading-title elementor-size-default\">Neusten Beitr\u00e4ge<\/h2>\t\t\t\t<\/div>\n\t\t\t\t<\/div>\n\t\t\t\t<div class=\"elementor-element elementor-element-69a81318 elementor-widget elementor-widget-text-editor\" data-id=\"69a81318\" data-element_type=\"widget\" data-e-type=\"widget\" data-widget_type=\"text-editor.default\">\n\t\t\t\t<div class=\"elementor-widget-container\">\n\t\t\t\t\t\t\t\t\t<p>Bleiben Sie auf dem neuesten Stand der Technologie und lesen Sie unsere Blogbeitr\u00e4ge, um stets informiert zu sein!<\/p>\t\t\t\t\t\t\t\t<\/div>\n\t\t\t\t<\/div>\n\t\t\t\t<div class=\"elementor-element elementor-element-2035273b elementor-aspect-ratio-169 elementor-widget elementor-widget-sky-post-list\" data-id=\"2035273b\" data-element_type=\"widget\" data-e-type=\"widget\" data-widget_type=\"sky-post-list.default\">\n\t\t\t\t<div class=\"elementor-widget-container\">\n\t\t\t\t\t\t\t<div class=\"sa-post-list sa-img-effect-1\">\n\t\t\t\t\t<div class=\"sa-post-item sa-d-flex sa-p-4\">\n\n\t\t\t\t\t<div class=\"sa-post-img-wrapper sa-d-flex\">\n\t\t\t\t\t\t\t<!-- Extra - Link added in Image -->\n\t\t\t\t<a class=\"sa-w-100 sa-h-100\" href=\"https:\/\/nasaff.com\/en\/wie-chatgpt-von-openai-das-schreiben-vereinfacht\"\n\t\t\t\t\ttitle=\"Wie ChatGPT von OpenAI das Schreiben vereinfacht\">\n\t\t\t\t\t<img decoding=\"async\" width=\"300\" height=\"181\" src=\"https:\/\/nasaff.com\/wp-content\/uploads\/2023\/04\/Chatgpt-300x181.webp\" class=\"sa-post-img\" alt=\"Wie ChatGPT von OpenAI das Schreiben vereinfacht\" srcset=\"https:\/\/nasaff.com\/wp-content\/uploads\/2023\/04\/Chatgpt-300x181.webp 300w, https:\/\/nasaff.com\/wp-content\/uploads\/2023\/04\/Chatgpt-768x463.webp 768w, https:\/\/nasaff.com\/wp-content\/uploads\/2023\/04\/Chatgpt-18x12.webp 18w, https:\/\/nasaff.com\/wp-content\/uploads\/2023\/04\/Chatgpt.webp 780w\" sizes=\"(max-width: 300px) 100vw, 300px\" \/>\t\t\t\t<\/a>\n\t\t\t\n\t\t\t\t\t<\/div>\n\t\t\n\t\t\t<div class=\"sa-post-content-wrapper\">\n\t\t\t\t<h3 class=\"sa-post-title sa-mb-2\"><a href=\"https:\/\/nasaff.com\/en\/wie-chatgpt-von-openai-das-schreiben-vereinfacht\" title=\"Wie ChatGPT von OpenAI das Schreiben vereinfacht\">Wie ChatGPT von OpenAI das Schreiben vereinfacht<\/a><\/h3>\t\t\t\t<div class=\"sa-post-meta sa-d-flex\">\n\n\t\t\t\t\t\n\t\t\t\t\t\n\t\t\t\t<\/div>\n\t\t\t<\/div>\n\t\t<\/div>\n\t\t\t\t<div class=\"sa-post-item sa-d-flex sa-p-4\">\n\n\t\t\t\t\t<div class=\"sa-post-img-wrapper sa-d-flex\">\n\t\t\t\t\t\t\t<!-- Extra - Link added in Image -->\n\t\t\t\t<a class=\"sa-w-100 sa-h-100\" href=\"https:\/\/nasaff.com\/en\/technologische-gatekeeper-unternehmen\"\n\t\t\t\t\ttitle=\"Technologische Gatekeeper-Unternehmen\">\n\t\t\t\t\t<img loading=\"lazy\" decoding=\"async\" width=\"300\" height=\"169\" src=\"https:\/\/nasaff.com\/wp-content\/uploads\/2023\/05\/Technological-Gatekeepers-Companies-300x169.jpg\" class=\"sa-post-img\" alt=\"Technologische Gatekeeper-Unternehmen\" srcset=\"https:\/\/nasaff.com\/wp-content\/uploads\/2023\/05\/Technological-Gatekeepers-Companies-300x169.jpg 300w, https:\/\/nasaff.com\/wp-content\/uploads\/2023\/05\/Technological-Gatekeepers-Companies-1024x576.jpg 1024w, https:\/\/nasaff.com\/wp-content\/uploads\/2023\/05\/Technological-Gatekeepers-Companies-768x432.jpg 768w, https:\/\/nasaff.com\/wp-content\/uploads\/2023\/05\/Technological-Gatekeepers-Companies-18x10.jpg 18w, https:\/\/nasaff.com\/wp-content\/uploads\/2023\/05\/Technological-Gatekeepers-Companies.jpg 1280w\" sizes=\"(max-width: 300px) 100vw, 300px\" \/>\t\t\t\t<\/a>\n\t\t\t\n\t\t\t\t\t<\/div>\n\t\t\n\t\t\t<div class=\"sa-post-content-wrapper\">\n\t\t\t\t<h3 class=\"sa-post-title sa-mb-2\"><a href=\"https:\/\/nasaff.com\/en\/technologische-gatekeeper-unternehmen\" title=\"Technologische Gatekeeper-Unternehmen\">Technologische Gatekeeper-Unternehmen<\/a><\/h3>\t\t\t\t<div class=\"sa-post-meta sa-d-flex\">\n\n\t\t\t\t\t\n\t\t\t\t\t\n\t\t\t\t<\/div>\n\t\t\t<\/div>\n\t\t<\/div>\n\t\t\t\t<\/div>\n\n\t\t\t\t\t\t<\/div>\n\t\t\t\t<\/div>\n\t\t\t\t\t<\/div>\n\t\t<\/div>\n\t\t\t\t\t<\/div>\n\t\t<\/section>\n\t\t\t\t<\/div>\n\t\t","protected":false},"excerpt":{"rendered":"<p>Unsere Blogs Technology Wie ChatGPT von OpenAI das Schreiben vereinfacht ChatGPT ist eine leistungsstarke Sprach-KI von OpenAI, die auf der GPT-3.5 Architektur basiert und speziell f\u00fcr die nat\u00fcrliche Sprachverarbeitung (NLP) entwickelt wurde. ChatGPT ist in der Lage, menschen\u00e4hnliche Gespr\u00e4che zu f\u00fchren und verf\u00fcgt \u00fcber eine beeindruckende F\u00e4higkeit, menschliche Sprache zu verstehen und zu generieren. Mit Nasaff_Admin April 24, 2023 Neusten Beitr\u00e4ge Bleiben Sie auf dem neuesten Stand der Technologie und lesen Sie unsere Blogbeitr\u00e4ge, um stets informiert zu sein! Wie ChatGPT von OpenAI das Schreiben vereinfacht<\/p>","protected":false},"author":1,"featured_media":0,"parent":0,"menu_order":0,"comment_status":"closed","ping_status":"closed","template":"","meta":{"site-sidebar-layout":"no-sidebar","site-content-layout":"page-builder","ast-site-content-layout":"default","site-content-style":"default","site-sidebar-style":"default","ast-global-header-display":"","ast-banner-title-visibility":"","ast-main-header-display":"","ast-hfb-above-header-display":"","ast-hfb-below-header-display":"","ast-hfb-mobile-header-display":"","site-post-title":"disabled","ast-breadcrumbs-content":"","ast-featured-img":"disabled","footer-sml-layout":"","ast-disable-related-posts":"","theme-transparent-header-meta":"","adv-header-id-meta":"","stick-header-meta":"","header-above-stick-meta":"","header-main-stick-meta":"","header-below-stick-meta":"","astra-migrate-meta-layouts":"default","ast-page-background-enabled":"default","ast-page-background-meta":{"desktop":{"background-color":"","background-image":"","background-repeat":"repeat","background-position":"center center","background-size":"auto","background-attachment":"scroll","background-type":"","background-media":"","overlay-type":"","overlay-color":"","overlay-opacity":"","overlay-gradient":""},"tablet":{"background-color":"","background-image":"","background-repeat":"repeat","background-position":"center center","background-size":"auto","background-attachment":"scroll","background-type":"","background-media":"","overlay-type":"","overlay-color":"","overlay-opacity":"","overlay-gradient":""},"mobile":{"background-color":"","background-image":"","background-repeat":"repeat","background-position":"center center","background-size":"auto","background-attachment":"scroll","background-type":"","background-media":"","overlay-type":"","overlay-color":"","overlay-opacity":"","overlay-gradient":""}},"ast-content-background-meta":{"desktop":{"background-color":"var(--ast-global-color-5)","background-image":"","background-repeat":"repeat","background-position":"center center","background-size":"auto","background-attachment":"scroll","background-type":"","background-media":"","overlay-type":"","overlay-color":"","overlay-opacity":"","overlay-gradient":""},"tablet":{"background-color":"var(--ast-global-color-5)","background-image":"","background-repeat":"repeat","background-position":"center center","background-size":"auto","background-attachment":"scroll","background-type":"","background-media":"","overlay-type":"","overlay-color":"","overlay-opacity":"","overlay-gradient":""},"mobile":{"background-color":"var(--ast-global-color-5)","background-image":"","background-repeat":"repeat","background-position":"center center","background-size":"auto","background-attachment":"scroll","background-type":"","background-media":"","overlay-type":"","overlay-color":"","overlay-opacity":"","overlay-gradient":""}},"_themeisle_gutenberg_block_has_review":false,"footnotes":""},"class_list":["post-846","page","type-page","status-publish","hentry"],"_links":{"self":[{"href":"https:\/\/nasaff.com\/en\/wp-json\/wp\/v2\/pages\/846","targetHints":{"allow":["GET"]}}],"collection":[{"href":"https:\/\/nasaff.com\/en\/wp-json\/wp\/v2\/pages"}],"about":[{"href":"https:\/\/nasaff.com\/en\/wp-json\/wp\/v2\/types\/page"}],"author":[{"embeddable":true,"href":"https:\/\/nasaff.com\/en\/wp-json\/wp\/v2\/users\/1"}],"replies":[{"embeddable":true,"href":"https:\/\/nasaff.com\/en\/wp-json\/wp\/v2\/comments?post=846"}],"version-history":[{"count":7,"href":"https:\/\/nasaff.com\/en\/wp-json\/wp\/v2\/pages\/846\/revisions"}],"predecessor-version":[{"id":870,"href":"https:\/\/nasaff.com\/en\/wp-json\/wp\/v2\/pages\/846\/revisions\/870"}],"wp:attachment":[{"href":"https:\/\/nasaff.com\/en\/wp-json\/wp\/v2\/media?parent=846"}],"curies":[{"name":"wp","href":"https:\/\/api.w.org\/{rel}","templated":true}]}}