{"id":822,"date":"2023-03-09T10:59:24","date_gmt":"2023-03-09T10:59:24","guid":{"rendered":"https:\/\/nasaff.com\/?page_id=822"},"modified":"2023-03-09T11:05:05","modified_gmt":"2023-03-09T11:05:05","slug":"remote-workplace-policy","status":"publish","type":"page","link":"https:\/\/nasaff.com\/en\/remote-workplace-policy","title":{"rendered":"Remote Workplace Policy"},"content":{"rendered":"<div data-elementor-type=\"wp-page\" data-elementor-id=\"822\" class=\"elementor elementor-822\">\n\t\t\t\t\t\t<section class=\"elementor-section elementor-top-section elementor-element elementor-element-47f544d elementor-section-boxed elementor-section-height-default elementor-section-height-default wpr-particle-no wpr-jarallax-no wpr-parallax-no wpr-sticky-section-no wpr-equal-height-no\" data-id=\"47f544d\" data-element_type=\"section\" data-e-type=\"section\">\n\t\t\t\t\t\t<div class=\"elementor-container elementor-column-gap-default\">\n\t\t\t\t\t<div class=\"elementor-column elementor-col-100 elementor-top-column elementor-element elementor-element-fbc66c8\" data-id=\"fbc66c8\" data-element_type=\"column\" data-e-type=\"column\">\n\t\t\t<div class=\"elementor-widget-wrap elementor-element-populated\">\n\t\t\t\t\t\t<div class=\"elementor-element elementor-element-3eb05ee elementor-widget elementor-widget-heading\" data-id=\"3eb05ee\" data-element_type=\"widget\" data-e-type=\"widget\" data-widget_type=\"heading.default\">\n\t\t\t\t<div class=\"elementor-widget-container\">\n\t\t\t\t\t<h2 class=\"elementor-heading-title elementor-size-default\">Remote Workplace Policy<\/h2>\t\t\t\t<\/div>\n\t\t\t\t<\/div>\n\t\t\t\t\t<\/div>\n\t\t<\/div>\n\t\t\t\t\t<\/div>\n\t\t<\/section>\n\t\t\t\t<section class=\"elementor-section elementor-top-section elementor-element elementor-element-9f162f3 elementor-section-boxed elementor-section-height-default elementor-section-height-default wpr-particle-no wpr-jarallax-no wpr-parallax-no wpr-sticky-section-no wpr-equal-height-no\" data-id=\"9f162f3\" data-element_type=\"section\" data-e-type=\"section\">\n\t\t\t\t\t\t<div class=\"elementor-container elementor-column-gap-default\">\n\t\t\t\t\t<div class=\"elementor-column elementor-col-100 elementor-top-column elementor-element elementor-element-2ea95c5\" data-id=\"2ea95c5\" data-element_type=\"column\" data-e-type=\"column\">\n\t\t\t<div class=\"elementor-widget-wrap elementor-element-populated\">\n\t\t\t\t\t\t<div class=\"elementor-element elementor-element-15e7ea1 elementor-widget elementor-widget-text-editor\" data-id=\"15e7ea1\" data-element_type=\"widget\" data-e-type=\"widget\" data-widget_type=\"text-editor.default\">\n\t\t\t\t<div class=\"elementor-widget-container\">\n\t\t\t\t\t\t\t\t\t<h6>Purpose<\/h6><p>Our company recognizes the benefits of remote work for employees and the organization. Remote work arrangements can increase productivity, reduce commuting time and costs, and offer flexibility that can lead to increased job satisfaction and work-life balance. This policy outlines the guidelines for remote work arrangements for eligible employees.<\/p><h6>Eligibility<\/h6><p>Not all employees are eligible for remote work arrangements. Eligibility will depend on the job requirements, performance history, and the needs of the department. Employees may be eligible for remote work arrangements if they have a proven track record of meeting deadlines, working independently, and demonstrating strong communication skills.<\/p><h6>Requirements<\/h6><p>Employees who are approved for remote work arrangements will be required to comply with the following:<\/p><ul><li>Maintain a dedicated workspace that is safe, quiet, and free from distractions.<\/li><li>Maintain reliable internet and phone connectivity.<\/li><li>Maintain regular communication with their supervisor and colleagues through email, phone, or video conferencing.<\/li><li>Adhere to the same standards of behavior and performance as they would in the office.<\/li><li>Be available during scheduled work hours, and remain reachable through phone and email during work hours.<\/li><\/ul><h6>Equipment and Supplies<\/h6><p>Employees who are approved for remote work arrangements will be responsible for providing and maintaining their own equipment, such as a computer, printer, and phone. The company will provide necessary software and access to online resources. If any work-related supplies are required, employees should make arrangements with their supervisor.<\/p><h6>Security and Confidentiality<\/h6><p>Remote work arrangements must adhere to the same security and confidentiality standards as those in the office. Employees must follow company policies for information security, such as protecting passwords, keeping sensitive information secure, and reporting any security incidents. Employees must also ensure that their workspace is secure and free from unauthorized access.<\/p><h6>Schedule and Availability<\/h6><p>Remote work arrangements may include full-time or part-time schedules, depending on the needs of the department. Employees must follow their assigned work schedule, and any changes to their schedule must be approved by their supervisor. Employees must also be available during their scheduled work hours, and be reachable by phone and email during work hours.<\/p><h6>Termination of Remote Work Arrangement<\/h6><p>Remote work arrangements may be terminated at any time, at the discretion of the company. Employees may also request to terminate their remote work arrangement, and their request will be considered on a case-by-case basis.<\/p><h6>Policy Acknowledgment<\/h6><p>All employees who are approved for remote work arrangements must read and acknowledge this policy. The company reserves the right to modify this policy at any time, and will provide notice to employees of any changes.<\/p><h6>Additional requirements<\/h6><p>Employees approved for remote work arrangements must also meet additional requirements, such as:<\/p><ul><li>Meeting customer and supplier needs<\/li><li>Participate in team meetings and conferences in the office or online<\/li><li>Participation in training and education<\/li><li>Submission of regular work reports or status reports<\/li><\/ul><h6>Compliance<\/h6><p>Employees approved for remote work arrangements must comply with company policies and procedures and ensure that their work is performed in accordance with all applicable laws, rules and regulations.<\/p><h6>Approval<\/h6><p>Remote work arrangements must be approved by employees and their supervisors. Human Resources may also approve the process to ensure that remote work arrangements meet departmental and company requirements.<\/p><p>This Remote Work Policy is intended to help establish uniform standards for employees and managers to ensure successful and effective remote work.<\/p>\t\t\t\t\t\t\t\t<\/div>\n\t\t\t\t<\/div>\n\t\t\t\t\t<\/div>\n\t\t<\/div>\n\t\t\t\t\t<\/div>\n\t\t<\/section>\n\t\t\t\t<\/div>","protected":false},"excerpt":{"rendered":"<p>Richtlinie f\u00fcr Remote-Arbeitspl\u00e4tze Zweck Unser Unternehmen erkennt die Vorteile von Fernarbeit f\u00fcr Mitarbeiter und die Organisation an. Fernarbeitsvereinbarungen k\u00f6nnen die Produktivit\u00e4t steigern, Pendelzeit und -kosten reduzieren und Flexibilit\u00e4t bieten, die zu einer h\u00f6heren Zufriedenheit am Arbeitsplatz und einer besseren Work-Life-Balance f\u00fchren kann. Diese Richtlinie enth\u00e4lt die Richtlinien f\u00fcr Fernarbeitsvereinbarungen f\u00fcr berechtigte Mitarbeiter. Berechtigung Nicht alle Mitarbeiter sind f\u00fcr Fernarbeitsvereinbarungen berechtigt. Die Berechtigung h\u00e4ngt von den Anforderungen des Jobs, der Leistungsgeschichte und den Bed\u00fcrfnissen der Abteilung ab. Mitarbeiter k\u00f6nnen f\u00fcr Fernarbeitsvereinbarungen berechtigt sein, wenn sie nachweislich Fristen einhalten, unabh\u00e4ngig arbeiten und starke Kommunikationsf\u00e4higkeiten zeigen. Anforderungen Mitarbeiter, die f\u00fcr Fernarbeitsvereinbarungen zugelassen sind, m\u00fcssen folgende Bedingungen erf\u00fcllen: Einen dedizierten Arbeitsplatz unterhalten, der sicher, ruhig und frei von Ablenkungen ist. Eine zuverl\u00e4ssige Internet- und Telefonverbindung aufrechterhalten. Regelm\u00e4\u00dfige Kommunikation mit ihrem Vorgesetzten und Kollegen per E-Mail, Telefon oder Videokonferenz aufrechterhalten. Die gleichen Verhaltens- und Leistungsstandards einhalten wie im B\u00fcro. W\u00e4hrend der geplanten Arbeitszeit verf\u00fcgbar sein und w\u00e4hrend der Arbeitszeit per Telefon und E-Mail erreichbar bleiben Ausr\u00fcstung und Materialien Mitarbeiter, die f\u00fcr Fernarbeitsvereinbarungen zugelassen sind, sind daf\u00fcr verantwortlich, ihre eigene Ausr\u00fcstung wie Computer, Drucker und Telefon bereitzustellen und zu warten. Das Unternehmen stellt notwendige Software und Zugang zu Online-Ressourcen zur Verf\u00fcgung. Wenn Arbeitsmaterialien ben\u00f6tigt werden, sollten die Mitarbeiter dies mit ihrem Vorgesetzten kl\u00e4ren. Sicherheit und Vertraulichkeit Fernarbeitsvereinbarungen m\u00fcssen die gleichen Sicherheits- und Vertraulichkeitsstandards einhalten wie im B\u00fcro. Mitarbeiter m\u00fcssen die Unternehmensrichtlinien f\u00fcr Informationssicherheit einhalten, z. B. den Schutz von Passw\u00f6rtern, das Sicherstellen der Sicherheit sensibler Informationen und das Melden von Sicherheitsvorf\u00e4llen. Die Mitarbeiter m\u00fcssen auch sicherstellen, dass ihr Arbeitsbereich sicher und vor unbefugtem Zugriff gesch\u00fctzt ist. Zeitplan und Verf\u00fcgbarkeit Fernarbeitsvereinbarungen k\u00f6nnen Vollzeit- oder Teilzeitpl\u00e4ne umfassen, je nach Bedarf der Abteilung. Mitarbeiter m\u00fcssen ihrem zugewiesenen Arbeitsplan folgen, und \u00c4nderungen ihres Zeitplans m\u00fcssen von ihrem Vorgesetzten genehmigt werden. Mitarbeiter m\u00fcssen auch w\u00e4hrend ihrer geplanten Arbeitszeit verf\u00fcgbar sein und w\u00e4hrend der Arbeitszeit per Telefon und E-Mail erreichbar sein. Beendigung der Fernarbeitsvereinbarung Fernarbeitsvereinbarungen k\u00f6nnen jederzeit nach Ermessen des Unternehmens beendet werden. Mitarbeiter k\u00f6nnen auch beantragen, ihre Fernarbeitsvereinbarung zu beenden, und ihr Antrag wird von ihrem Vorgesetzten und der Personalabteilung gepr\u00fcft. Wenn ein Mitarbeiter seine Fernarbeitsvereinbarung beendet, muss er innerhalb von f\u00fcnf Werktagen ins B\u00fcro zur\u00fcckkehren. Haftung Mitarbeiter, die f\u00fcr Fernarbeitsvereinbarungen zugelassen sind, sind f\u00fcr ihre Arbeitsergebnisse verantwortlich, genau wie im B\u00fcro. Das Unternehmen haftet nicht f\u00fcr Verluste oder Sch\u00e4den aufgrund von Ausr\u00fcstungsausf\u00e4llen, Stromausf\u00e4llen oder Internetproblemen. Zus\u00e4tzliche Anforderungen Mitarbeiter, die f\u00fcr Fernarbeitsvereinbarungen zugelassen sind, m\u00fcssen auch zus\u00e4tzliche Anforderungen erf\u00fcllen, wie zum Beispiel: Erf\u00fcllung von Kunden- und Lieferantenbed\u00fcrfnissen Teilnahme an Teamsitzungen und Konferenzen im B\u00fcro oder online Teilnahme an Schulungen und Schulungen Abgabe von regelm\u00e4\u00dfigen Arbeitsberichten oder Statusberichten Compliance Mitarbeiter, die f\u00fcr Fernarbeitsvereinbarungen zugelassen sind, m\u00fcssen die Unternehmensrichtlinien und -verfahren einhalten und sicherstellen, dass ihre Arbeit in \u00dcbereinstimmung mit allen geltenden Gesetzen, Vorschriften und Bestimmungen durchgef\u00fchrt wird. Genehmigung Fernarbeitsvereinbarungen m\u00fcssen von den Mitarbeitern und ihren Vorgesetzten genehmigt werden. Die Personalabteilung kann auch den Prozess genehmigen, um sicherzustellen, dass die Fernarbeitsvereinbarungen die Anforderungen der Abteilung und des Unternehmens erf\u00fcllen. Diese Richtlinie f\u00fcr Fernarbeit soll dazu beitragen, einheitliche Standards f\u00fcr Mitarbeiter und F\u00fchrungskr\u00e4fte festzulegen, um eine erfolgreiche und effektive Fernarbeit zu gew\u00e4hrleisten.<\/p>","protected":false},"author":1,"featured_media":0,"parent":0,"menu_order":0,"comment_status":"closed","ping_status":"closed","template":"","meta":{"site-sidebar-layout":"no-sidebar","site-content-layout":"page-builder","ast-site-content-layout":"default","site-content-style":"default","site-sidebar-style":"default","ast-global-header-display":"","ast-banner-title-visibility":"","ast-main-header-display":"","ast-hfb-above-header-display":"","ast-hfb-below-header-display":"","ast-hfb-mobile-header-display":"","site-post-title":"disabled","ast-breadcrumbs-content":"","ast-featured-img":"disabled","footer-sml-layout":"","ast-disable-related-posts":"","theme-transparent-header-meta":"","adv-header-id-meta":"","stick-header-meta":"","header-above-stick-meta":"","header-main-stick-meta":"","header-below-stick-meta":"","astra-migrate-meta-layouts":"default","ast-page-background-enabled":"default","ast-page-background-meta":{"desktop":{"background-color":"","background-image":"","background-repeat":"repeat","background-position":"center center","background-size":"auto","background-attachment":"scroll","background-type":"","background-media":"","overlay-type":"","overlay-color":"","overlay-opacity":"","overlay-gradient":""},"tablet":{"background-color":"","background-image":"","background-repeat":"repeat","background-position":"center center","background-size":"auto","background-attachment":"scroll","background-type":"","background-media":"","overlay-type":"","overlay-color":"","overlay-opacity":"","overlay-gradient":""},"mobile":{"background-color":"","background-image":"","background-repeat":"repeat","background-position":"center center","background-size":"auto","background-attachment":"scroll","background-type":"","background-media":"","overlay-type":"","overlay-color":"","overlay-opacity":"","overlay-gradient":""}},"ast-content-background-meta":{"desktop":{"background-color":"var(--ast-global-color-5)","background-image":"","background-repeat":"repeat","background-position":"center center","background-size":"auto","background-attachment":"scroll","background-type":"","background-media":"","overlay-type":"","overlay-color":"","overlay-opacity":"","overlay-gradient":""},"tablet":{"background-color":"var(--ast-global-color-5)","background-image":"","background-repeat":"repeat","background-position":"center center","background-size":"auto","background-attachment":"scroll","background-type":"","background-media":"","overlay-type":"","overlay-color":"","overlay-opacity":"","overlay-gradient":""},"mobile":{"background-color":"var(--ast-global-color-5)","background-image":"","background-repeat":"repeat","background-position":"center center","background-size":"auto","background-attachment":"scroll","background-type":"","background-media":"","overlay-type":"","overlay-color":"","overlay-opacity":"","overlay-gradient":""}},"_themeisle_gutenberg_block_has_review":false,"footnotes":""},"class_list":["post-822","page","type-page","status-publish","hentry"],"_links":{"self":[{"href":"https:\/\/nasaff.com\/en\/wp-json\/wp\/v2\/pages\/822","targetHints":{"allow":["GET"]}}],"collection":[{"href":"https:\/\/nasaff.com\/en\/wp-json\/wp\/v2\/pages"}],"about":[{"href":"https:\/\/nasaff.com\/en\/wp-json\/wp\/v2\/types\/page"}],"author":[{"embeddable":true,"href":"https:\/\/nasaff.com\/en\/wp-json\/wp\/v2\/users\/1"}],"replies":[{"embeddable":true,"href":"https:\/\/nasaff.com\/en\/wp-json\/wp\/v2\/comments?post=822"}],"version-history":[{"count":5,"href":"https:\/\/nasaff.com\/en\/wp-json\/wp\/v2\/pages\/822\/revisions"}],"predecessor-version":[{"id":827,"href":"https:\/\/nasaff.com\/en\/wp-json\/wp\/v2\/pages\/822\/revisions\/827"}],"wp:attachment":[{"href":"https:\/\/nasaff.com\/en\/wp-json\/wp\/v2\/media?parent=822"}],"curies":[{"name":"wp","href":"https:\/\/api.w.org\/{rel}","templated":true}]}}