{"id":408,"date":"2022-12-12T12:45:02","date_gmt":"2022-12-12T12:45:02","guid":{"rendered":"https:\/\/nasaff.com\/?page_id=408"},"modified":"2023-01-02T18:32:49","modified_gmt":"2023-01-02T18:32:49","slug":"enhance-ux-with-predictive-search","status":"publish","type":"page","link":"https:\/\/nasaff.com\/en\/enhance-ux-with-predictive-search","title":{"rendered":"Improve the UX with Predictive Search"},"content":{"rendered":"<p>Predictive search is a concept for online search that aims to predict a user's search needs. It makes suggestions about search queries as soon as they are entered into a search bar.<\/p>\n\n\n\n<p>The goal is to save the user time by allowing them to click on the suggestions instead of completing their search query themselves.<\/p>\n\n\n\n<p>The core function of predictive search consists of autocomplete, autosuggest, or find-as-you-type.<\/p>\n\n\n\n<p>For example, Google takes into account and gives preference to search queries from the user's previous search history and also popular search queries.<\/p>\n\n\n\n<p>There are other approaches to successful predictive search, such as semantic search, which attempts to determine the meaning or intent behind the search query using contextual information.<\/p>\n\n\n\n<p>Instead of focusing on the specific keyword, a semantic search engine with a predictive approach would suggest not only results that contain the keyword, but also those that contain synonyms.<\/p>","protected":false},"excerpt":{"rendered":"<p>Die pr\u00e4diktive Suche ist ein Konzept f\u00fcr die Online-Suche, das darauf abzielt, die Suchbed\u00fcrfnisse eines Nutzers vorherzusehen. Es macht Vorschl\u00e4ge zu Suchanfragen, sobald diese in eine Suchleiste eingegeben werden. Ziel ist es, dem Nutzer Zeit zu sparen, indem er auf die Vorschl\u00e4ge klicken kann, anstatt seine Suchanfrage selbst zu vervollst\u00e4ndigen. Die Kernfunktion der pr\u00e4diktiven Suche besteht aus Autovervollst\u00e4ndigung, Autosuggest oder Find-as-you-type. So ber\u00fccksichtigt und bevorzugt Google z. B. Suchanfragen aus dem bisherigen Suchverlauf des Nutzers und auch beliebte Suchanfragen. Es gibt noch andere Ans\u00e4tze f\u00fcr eine erfolgreiche pr\u00e4diktive Suche, z. B. die semantische Suche, bei der versucht wird, die Bedeutung oder Absicht hinter der Suchanfrage anhand von Kontextinformationen zu ermitteln. Anstatt sich auf das spezifische Schl\u00fcsselwort zu konzentrieren, w\u00fcrde eine semantische Suchmaschine mit einem pr\u00e4diktiven Ansatz nicht nur Ergebnisse vorschlagen, die das Schl\u00fcsselwort enthalten, sondern auch solche, die Synonyme enthalten.<\/p>","protected":false},"author":1,"featured_media":0,"parent":0,"menu_order":0,"comment_status":"closed","ping_status":"closed","template":"","meta":{"site-sidebar-layout":"default","site-content-layout":"","ast-site-content-layout":"default","site-content-style":"default","site-sidebar-style":"default","ast-global-header-display":"","ast-banner-title-visibility":"","ast-main-header-display":"","ast-hfb-above-header-display":"","ast-hfb-below-header-display":"","ast-hfb-mobile-header-display":"","site-post-title":"","ast-breadcrumbs-content":"","ast-featured-img":"","footer-sml-layout":"","ast-disable-related-posts":"","theme-transparent-header-meta":"","adv-header-id-meta":"","stick-header-meta":"","header-above-stick-meta":"","header-main-stick-meta":"","header-below-stick-meta":"","astra-migrate-meta-layouts":"default","ast-page-background-enabled":"default","ast-page-background-meta":{"desktop":{"background-color":"","background-image":"","background-repeat":"repeat","background-position":"center center","background-size":"auto","background-attachment":"scroll","background-type":"","background-media":"","overlay-type":"","overlay-color":"","overlay-opacity":"","overlay-gradient":""},"tablet":{"background-color":"","background-image":"","background-repeat":"repeat","background-position":"center center","background-size":"auto","background-attachment":"scroll","background-type":"","background-media":"","overlay-type":"","overlay-color":"","overlay-opacity":"","overlay-gradient":""},"mobile":{"background-color":"","background-image":"","background-repeat":"repeat","background-position":"center center","background-size":"auto","background-attachment":"scroll","background-type":"","background-media":"","overlay-type":"","overlay-color":"","overlay-opacity":"","overlay-gradient":""}},"ast-content-background-meta":{"desktop":{"background-color":"var(--ast-global-color-5)","background-image":"","background-repeat":"repeat","background-position":"center center","background-size":"auto","background-attachment":"scroll","background-type":"","background-media":"","overlay-type":"","overlay-color":"","overlay-opacity":"","overlay-gradient":""},"tablet":{"background-color":"var(--ast-global-color-5)","background-image":"","background-repeat":"repeat","background-position":"center center","background-size":"auto","background-attachment":"scroll","background-type":"","background-media":"","overlay-type":"","overlay-color":"","overlay-opacity":"","overlay-gradient":""},"mobile":{"background-color":"var(--ast-global-color-5)","background-image":"","background-repeat":"repeat","background-position":"center center","background-size":"auto","background-attachment":"scroll","background-type":"","background-media":"","overlay-type":"","overlay-color":"","overlay-opacity":"","overlay-gradient":""}},"_themeisle_gutenberg_block_has_review":false,"footnotes":""},"class_list":["post-408","page","type-page","status-publish","hentry"],"_links":{"self":[{"href":"https:\/\/nasaff.com\/en\/wp-json\/wp\/v2\/pages\/408","targetHints":{"allow":["GET"]}}],"collection":[{"href":"https:\/\/nasaff.com\/en\/wp-json\/wp\/v2\/pages"}],"about":[{"href":"https:\/\/nasaff.com\/en\/wp-json\/wp\/v2\/types\/page"}],"author":[{"embeddable":true,"href":"https:\/\/nasaff.com\/en\/wp-json\/wp\/v2\/users\/1"}],"replies":[{"embeddable":true,"href":"https:\/\/nasaff.com\/en\/wp-json\/wp\/v2\/comments?post=408"}],"version-history":[{"count":3,"href":"https:\/\/nasaff.com\/en\/wp-json\/wp\/v2\/pages\/408\/revisions"}],"predecessor-version":[{"id":530,"href":"https:\/\/nasaff.com\/en\/wp-json\/wp\/v2\/pages\/408\/revisions\/530"}],"wp:attachment":[{"href":"https:\/\/nasaff.com\/en\/wp-json\/wp\/v2\/media?parent=408"}],"curies":[{"name":"wp","href":"https:\/\/api.w.org\/{rel}","templated":true}]}}